{"id":9203,"date":"2022-04-13T08:36:01","date_gmt":"2022-04-13T08:36:01","guid":{"rendered":"https:\/\/www.madblue.es\/?page_id=9203"},"modified":"2024-11-21T10:58:30","modified_gmt":"2024-11-21T10:58:30","slug":"premios-cinco-oceanos","status":"publish","type":"page","link":"https:\/\/2024.madblue-hq.wildoomlab.com\/es\/premios-cinco-oceanos\/","title":{"rendered":"Premios MadBlue Cinco Oc\u00e9anos"},"content":{"rendered":"","protected":false},"excerpt":{"rendered":"","protected":false},"author":2,"featured_media":0,"parent":0,"menu_order":52,"comment_status":"closed","ping_status":"closed","template":"","meta":{"_acf_changed":false,"_monsterinsights_skip_tracking":false,"_monsterinsights_sitenote_active":false,"_monsterinsights_sitenote_note":"","_monsterinsights_sitenote_category":0,"footnotes":""},"hashtags":[],"class_list":["post-9203","page","type-page","status-publish","hentry"],"acf":[],"yoast_head":"<!-- This site is optimized with the Yoast SEO plugin v26.8 - https:\/\/yoast.com\/product\/yoast-seo-wordpress\/ -->\n<title>Premios MadBlue Cinco Oc\u00e9anos - MadBlue 2024<\/title>\n<meta name=\"description\" content=\"Los premios Cinco Oc\u00e9anos reconocen la labor encomiable que personas e instituciones est\u00e1n realizando para la protecci\u00f3n de nuestro planeta y sus habitantes, con un claro prop\u00f3sito vinculado al desarrollo sostenible. Unos galardones que nos recuerdan que superar los desaf\u00edos que afronta la humanidad es un compromiso global y, entre todos, podemos conseguir el ecosistema cultural deseado para futuras generaciones.\" \/>\n<meta name=\"robots\" content=\"noindex, follow, max-snippet:-1, max-image-preview:large, max-video-preview:-1\" \/>\n<meta property=\"og:locale\" content=\"es_ES\" \/>\n<meta property=\"og:type\" content=\"article\" \/>\n<meta property=\"og:title\" content=\"Premios MadBlue Cinco Oc\u00e9anos - MadBlue 2024\" \/>\n<meta property=\"og:description\" content=\"Los premios Cinco Oc\u00e9anos reconocen la labor encomiable que personas e instituciones est\u00e1n realizando para la protecci\u00f3n de nuestro planeta y sus habitantes, con un claro prop\u00f3sito vinculado al desarrollo sostenible. Unos galardones que nos recuerdan que superar los desaf\u00edos que afronta la humanidad es un compromiso global y, entre todos, podemos conseguir el ecosistema cultural deseado para futuras generaciones.\" \/>\n<meta property=\"og:url\" content=\"https:\/\/2024.madblue-hq.wildoomlab.com\/es\/premios-cinco-oceanos\/\" \/>\n<meta property=\"og:site_name\" content=\"MadBlue 2024\" \/>\n<meta property=\"article:modified_time\" content=\"2024-11-21T10:58:30+00:00\" \/>\n<meta name=\"twitter:card\" content=\"summary_large_image\" \/>\n<script type=\"application\/ld+json\" class=\"yoast-schema-graph\">{\"@context\":\"https:\/\/schema.org\",\"@graph\":[{\"@type\":\"WebPage\",\"@id\":\"https:\/\/2024.madblue-hq.wildoomlab.com\/es\/premios-cinco-oceanos\/\",\"url\":\"https:\/\/2024.madblue-hq.wildoomlab.com\/es\/premios-cinco-oceanos\/\",\"name\":\"Premios MadBlue Cinco Oc\u00e9anos - MadBlue 2024\",\"isPartOf\":{\"@id\":\"https:\/\/2024.madblue-hq.wildoomlab.com\/es\/#website\"},\"datePublished\":\"2022-04-13T08:36:01+00:00\",\"dateModified\":\"2024-11-21T10:58:30+00:00\",\"description\":\"Los premios Cinco Oc\u00e9anos reconocen la labor encomiable que personas e instituciones est\u00e1n realizando para la protecci\u00f3n de nuestro planeta y sus habitantes, con un claro prop\u00f3sito vinculado al desarrollo sostenible. Unos galardones que nos recuerdan que superar los desaf\u00edos que afronta la humanidad es un compromiso global y, entre todos, podemos conseguir el ecosistema cultural deseado para futuras generaciones.\",\"breadcrumb\":{\"@id\":\"https:\/\/2024.madblue-hq.wildoomlab.com\/es\/premios-cinco-oceanos\/#breadcrumb\"},\"inLanguage\":\"es\",\"potentialAction\":[{\"@type\":\"ReadAction\",\"target\":[\"https:\/\/2024.madblue-hq.wildoomlab.com\/es\/premios-cinco-oceanos\/\"]}]},{\"@type\":\"BreadcrumbList\",\"@id\":\"https:\/\/2024.madblue-hq.wildoomlab.com\/es\/premios-cinco-oceanos\/#breadcrumb\",\"itemListElement\":[{\"@type\":\"ListItem\",\"position\":1,\"name\":\"Portada\",\"item\":\"https:\/\/2024.madblue-hq.wildoomlab.com\/es\/\"},{\"@type\":\"ListItem\",\"position\":2,\"name\":\"Premios MadBlue Cinco Oc\u00e9anos\"}]},{\"@type\":\"WebSite\",\"@id\":\"https:\/\/2024.madblue-hq.wildoomlab.com\/es\/#website\",\"url\":\"https:\/\/2024.madblue-hq.wildoomlab.com\/es\/\",\"name\":\"MadBlue 2024\",\"description\":\"\",\"potentialAction\":[{\"@type\":\"SearchAction\",\"target\":{\"@type\":\"EntryPoint\",\"urlTemplate\":\"https:\/\/2024.madblue-hq.wildoomlab.com\/es\/?s={search_term_string}\"},\"query-input\":{\"@type\":\"PropertyValueSpecification\",\"valueRequired\":true,\"valueName\":\"search_term_string\"}}],\"inLanguage\":\"es\"}]}<\/script>\n<!-- \/ Yoast SEO plugin. -->","yoast_head_json":{"title":"Premios MadBlue Cinco Oc\u00e9anos - MadBlue 2024","description":"Los premios Cinco Oc\u00e9anos reconocen la labor encomiable que personas e instituciones est\u00e1n realizando para la protecci\u00f3n de nuestro planeta y sus habitantes, con un claro prop\u00f3sito vinculado al desarrollo sostenible. Unos galardones que nos recuerdan que superar los desaf\u00edos que afronta la humanidad es un compromiso global y, entre todos, podemos conseguir el ecosistema cultural deseado para futuras generaciones.","robots":{"index":"noindex","follow":"follow","max-snippet":"max-snippet:-1","max-image-preview":"max-image-preview:large","max-video-preview":"max-video-preview:-1"},"og_locale":"es_ES","og_type":"article","og_title":"Premios MadBlue Cinco Oc\u00e9anos - MadBlue 2024","og_description":"Los premios Cinco Oc\u00e9anos reconocen la labor encomiable que personas e instituciones est\u00e1n realizando para la protecci\u00f3n de nuestro planeta y sus habitantes, con un claro prop\u00f3sito vinculado al desarrollo sostenible. Unos galardones que nos recuerdan que superar los desaf\u00edos que afronta la humanidad es un compromiso global y, entre todos, podemos conseguir el ecosistema cultural deseado para futuras generaciones.","og_url":"https:\/\/2024.madblue-hq.wildoomlab.com\/es\/premios-cinco-oceanos\/","og_site_name":"MadBlue 2024","article_modified_time":"2024-11-21T10:58:30+00:00","twitter_card":"summary_large_image","schema":{"@context":"https:\/\/schema.org","@graph":[{"@type":"WebPage","@id":"https:\/\/2024.madblue-hq.wildoomlab.com\/es\/premios-cinco-oceanos\/","url":"https:\/\/2024.madblue-hq.wildoomlab.com\/es\/premios-cinco-oceanos\/","name":"Premios MadBlue Cinco Oc\u00e9anos - MadBlue 2024","isPartOf":{"@id":"https:\/\/2024.madblue-hq.wildoomlab.com\/es\/#website"},"datePublished":"2022-04-13T08:36:01+00:00","dateModified":"2024-11-21T10:58:30+00:00","description":"Los premios Cinco Oc\u00e9anos reconocen la labor encomiable que personas e instituciones est\u00e1n realizando para la protecci\u00f3n de nuestro planeta y sus habitantes, con un claro prop\u00f3sito vinculado al desarrollo sostenible. Unos galardones que nos recuerdan que superar los desaf\u00edos que afronta la humanidad es un compromiso global y, entre todos, podemos conseguir el ecosistema cultural deseado para futuras generaciones.","breadcrumb":{"@id":"https:\/\/2024.madblue-hq.wildoomlab.com\/es\/premios-cinco-oceanos\/#breadcrumb"},"inLanguage":"es","potentialAction":[{"@type":"ReadAction","target":["https:\/\/2024.madblue-hq.wildoomlab.com\/es\/premios-cinco-oceanos\/"]}]},{"@type":"BreadcrumbList","@id":"https:\/\/2024.madblue-hq.wildoomlab.com\/es\/premios-cinco-oceanos\/#breadcrumb","itemListElement":[{"@type":"ListItem","position":1,"name":"Portada","item":"https:\/\/2024.madblue-hq.wildoomlab.com\/es\/"},{"@type":"ListItem","position":2,"name":"Premios MadBlue Cinco Oc\u00e9anos"}]},{"@type":"WebSite","@id":"https:\/\/2024.madblue-hq.wildoomlab.com\/es\/#website","url":"https:\/\/2024.madblue-hq.wildoomlab.com\/es\/","name":"MadBlue 2024","description":"","potentialAction":[{"@type":"SearchAction","target":{"@type":"EntryPoint","urlTemplate":"https:\/\/2024.madblue-hq.wildoomlab.com\/es\/?s={search_term_string}"},"query-input":{"@type":"PropertyValueSpecification","valueRequired":true,"valueName":"search_term_string"}}],"inLanguage":"es"}]}},"_links":{"self":[{"href":"https:\/\/2024.madblue-hq.wildoomlab.com\/es\/wp-json\/wp\/v2\/pages\/9203","targetHints":{"allow":["GET"]}}],"collection":[{"href":"https:\/\/2024.madblue-hq.wildoomlab.com\/es\/wp-json\/wp\/v2\/pages"}],"about":[{"href":"https:\/\/2024.madblue-hq.wildoomlab.com\/es\/wp-json\/wp\/v2\/types\/page"}],"author":[{"embeddable":true,"href":"https:\/\/2024.madblue-hq.wildoomlab.com\/es\/wp-json\/wp\/v2\/users\/2"}],"replies":[{"embeddable":true,"href":"https:\/\/2024.madblue-hq.wildoomlab.com\/es\/wp-json\/wp\/v2\/comments?post=9203"}],"version-history":[{"count":0,"href":"https:\/\/2024.madblue-hq.wildoomlab.com\/es\/wp-json\/wp\/v2\/pages\/9203\/revisions"}],"wp:attachment":[{"href":"https:\/\/2024.madblue-hq.wildoomlab.com\/es\/wp-json\/wp\/v2\/media?parent=9203"}],"wp:term":[{"taxonomy":"hashtags","embeddable":true,"href":"https:\/\/2024.madblue-hq.wildoomlab.com\/es\/wp-json\/wp\/v2\/hashtags?post=9203"}],"curies":[{"name":"wp","href":"https:\/\/api.w.org\/{rel}","templated":true}]}}