{"id":18355,"date":"2024-02-09T01:39:23","date_gmt":"2024-02-09T01:39:23","guid":{"rendered":"https:\/\/www.madblue.es\/?page_id=18355"},"modified":"2024-11-21T10:54:38","modified_gmt":"2024-11-21T10:54:38","slug":"startups","status":"publish","type":"page","link":"https:\/\/2024.madblue-hq.wildoomlab.com\/es\/impact-global-summit\/startups\/","title":{"rendered":"Startups"},"content":{"rendered":"","protected":false},"excerpt":{"rendered":"","protected":false},"author":2,"featured_media":0,"parent":11357,"menu_order":27,"comment_status":"closed","ping_status":"closed","template":"","meta":{"_acf_changed":false,"_monsterinsights_skip_tracking":false,"_monsterinsights_sitenote_active":false,"_monsterinsights_sitenote_note":"","_monsterinsights_sitenote_category":0,"footnotes":""},"hashtags":[],"class_list":["post-18355","page","type-page","status-publish","hentry"],"acf":[],"yoast_head":"<!-- This site is optimized with the Yoast SEO plugin v26.8 - https:\/\/yoast.com\/product\/yoast-seo-wordpress\/ -->\n<title>Startups - MadBlue 2024<\/title>\n<meta name=\"description\" content=\"Las startups de mayor impacto positivo estuvieron presentes en este espacio.Clean Energy, Food Security and Water Access, Smart Cities y People &amp; Social Impact fueron las tem\u00e1ticas generales en las que se englobaron las compa\u00f1\u00edas participantes.\" \/>\n<meta name=\"robots\" content=\"noindex, follow, max-snippet:-1, max-image-preview:large, max-video-preview:-1\" \/>\n<meta property=\"og:locale\" content=\"es_ES\" \/>\n<meta property=\"og:type\" content=\"article\" \/>\n<meta property=\"og:title\" content=\"Startups - MadBlue 2024\" \/>\n<meta property=\"og:description\" content=\"Las startups de mayor impacto positivo estuvieron presentes en este espacio.Clean Energy, Food Security and Water Access, Smart Cities y People &amp; Social Impact fueron las tem\u00e1ticas generales en las que se englobaron las compa\u00f1\u00edas participantes.\" \/>\n<meta property=\"og:url\" content=\"https:\/\/2024.madblue-hq.wildoomlab.com\/es\/impact-global-summit\/startups\/\" \/>\n<meta property=\"og:site_name\" content=\"MadBlue 2024\" \/>\n<meta property=\"article:modified_time\" content=\"2024-11-21T10:54:38+00:00\" \/>\n<meta name=\"twitter:card\" content=\"summary_large_image\" \/>\n<script type=\"application\/ld+json\" class=\"yoast-schema-graph\">{\"@context\":\"https:\/\/schema.org\",\"@graph\":[{\"@type\":\"WebPage\",\"@id\":\"https:\/\/2024.madblue-hq.wildoomlab.com\/es\/impact-global-summit\/startups\/\",\"url\":\"https:\/\/2024.madblue-hq.wildoomlab.com\/es\/impact-global-summit\/startups\/\",\"name\":\"Startups - MadBlue 2024\",\"isPartOf\":{\"@id\":\"https:\/\/2024.madblue-hq.wildoomlab.com\/es\/#website\"},\"datePublished\":\"2024-02-09T01:39:23+00:00\",\"dateModified\":\"2024-11-21T10:54:38+00:00\",\"description\":\"Las startups de mayor impacto positivo estuvieron presentes en este espacio.Clean Energy, Food Security and Water Access, Smart Cities y People & Social Impact fueron las tem\u00e1ticas generales en las que se englobaron las compa\u00f1\u00edas participantes.\",\"breadcrumb\":{\"@id\":\"https:\/\/2024.madblue-hq.wildoomlab.com\/es\/impact-global-summit\/startups\/#breadcrumb\"},\"inLanguage\":\"es\",\"potentialAction\":[{\"@type\":\"ReadAction\",\"target\":[\"https:\/\/2024.madblue-hq.wildoomlab.com\/es\/impact-global-summit\/startups\/\"]}]},{\"@type\":\"BreadcrumbList\",\"@id\":\"https:\/\/2024.madblue-hq.wildoomlab.com\/es\/impact-global-summit\/startups\/#breadcrumb\",\"itemListElement\":[{\"@type\":\"ListItem\",\"position\":1,\"name\":\"Portada\",\"item\":\"https:\/\/2024.madblue-hq.wildoomlab.com\/es\/\"},{\"@type\":\"ListItem\",\"position\":2,\"name\":\"Impact Global Summit\",\"item\":\"https:\/\/2024.madblue-hq.wildoomlab.com\/es\/impact-global-summit\/\"},{\"@type\":\"ListItem\",\"position\":3,\"name\":\"Startups\"}]},{\"@type\":\"WebSite\",\"@id\":\"https:\/\/2024.madblue-hq.wildoomlab.com\/es\/#website\",\"url\":\"https:\/\/2024.madblue-hq.wildoomlab.com\/es\/\",\"name\":\"MadBlue 2024\",\"description\":\"\",\"potentialAction\":[{\"@type\":\"SearchAction\",\"target\":{\"@type\":\"EntryPoint\",\"urlTemplate\":\"https:\/\/2024.madblue-hq.wildoomlab.com\/es\/?s={search_term_string}\"},\"query-input\":{\"@type\":\"PropertyValueSpecification\",\"valueRequired\":true,\"valueName\":\"search_term_string\"}}],\"inLanguage\":\"es\"}]}<\/script>\n<!-- \/ Yoast SEO plugin. -->","yoast_head_json":{"title":"Startups - MadBlue 2024","description":"Las startups de mayor impacto positivo estuvieron presentes en este espacio.Clean Energy, Food Security and Water Access, Smart Cities y People & Social Impact fueron las tem\u00e1ticas generales en las que se englobaron las compa\u00f1\u00edas participantes.","robots":{"index":"noindex","follow":"follow","max-snippet":"max-snippet:-1","max-image-preview":"max-image-preview:large","max-video-preview":"max-video-preview:-1"},"og_locale":"es_ES","og_type":"article","og_title":"Startups - MadBlue 2024","og_description":"Las startups de mayor impacto positivo estuvieron presentes en este espacio.Clean Energy, Food Security and Water Access, Smart Cities y People & Social Impact fueron las tem\u00e1ticas generales en las que se englobaron las compa\u00f1\u00edas participantes.","og_url":"https:\/\/2024.madblue-hq.wildoomlab.com\/es\/impact-global-summit\/startups\/","og_site_name":"MadBlue 2024","article_modified_time":"2024-11-21T10:54:38+00:00","twitter_card":"summary_large_image","schema":{"@context":"https:\/\/schema.org","@graph":[{"@type":"WebPage","@id":"https:\/\/2024.madblue-hq.wildoomlab.com\/es\/impact-global-summit\/startups\/","url":"https:\/\/2024.madblue-hq.wildoomlab.com\/es\/impact-global-summit\/startups\/","name":"Startups - MadBlue 2024","isPartOf":{"@id":"https:\/\/2024.madblue-hq.wildoomlab.com\/es\/#website"},"datePublished":"2024-02-09T01:39:23+00:00","dateModified":"2024-11-21T10:54:38+00:00","description":"Las startups de mayor impacto positivo estuvieron presentes en este espacio.Clean Energy, Food Security and Water Access, Smart Cities y People & Social Impact fueron las tem\u00e1ticas generales en las que se englobaron las compa\u00f1\u00edas participantes.","breadcrumb":{"@id":"https:\/\/2024.madblue-hq.wildoomlab.com\/es\/impact-global-summit\/startups\/#breadcrumb"},"inLanguage":"es","potentialAction":[{"@type":"ReadAction","target":["https:\/\/2024.madblue-hq.wildoomlab.com\/es\/impact-global-summit\/startups\/"]}]},{"@type":"BreadcrumbList","@id":"https:\/\/2024.madblue-hq.wildoomlab.com\/es\/impact-global-summit\/startups\/#breadcrumb","itemListElement":[{"@type":"ListItem","position":1,"name":"Portada","item":"https:\/\/2024.madblue-hq.wildoomlab.com\/es\/"},{"@type":"ListItem","position":2,"name":"Impact Global Summit","item":"https:\/\/2024.madblue-hq.wildoomlab.com\/es\/impact-global-summit\/"},{"@type":"ListItem","position":3,"name":"Startups"}]},{"@type":"WebSite","@id":"https:\/\/2024.madblue-hq.wildoomlab.com\/es\/#website","url":"https:\/\/2024.madblue-hq.wildoomlab.com\/es\/","name":"MadBlue 2024","description":"","potentialAction":[{"@type":"SearchAction","target":{"@type":"EntryPoint","urlTemplate":"https:\/\/2024.madblue-hq.wildoomlab.com\/es\/?s={search_term_string}"},"query-input":{"@type":"PropertyValueSpecification","valueRequired":true,"valueName":"search_term_string"}}],"inLanguage":"es"}]}},"_links":{"self":[{"href":"https:\/\/2024.madblue-hq.wildoomlab.com\/es\/wp-json\/wp\/v2\/pages\/18355","targetHints":{"allow":["GET"]}}],"collection":[{"href":"https:\/\/2024.madblue-hq.wildoomlab.com\/es\/wp-json\/wp\/v2\/pages"}],"about":[{"href":"https:\/\/2024.madblue-hq.wildoomlab.com\/es\/wp-json\/wp\/v2\/types\/page"}],"author":[{"embeddable":true,"href":"https:\/\/2024.madblue-hq.wildoomlab.com\/es\/wp-json\/wp\/v2\/users\/2"}],"replies":[{"embeddable":true,"href":"https:\/\/2024.madblue-hq.wildoomlab.com\/es\/wp-json\/wp\/v2\/comments?post=18355"}],"version-history":[{"count":0,"href":"https:\/\/2024.madblue-hq.wildoomlab.com\/es\/wp-json\/wp\/v2\/pages\/18355\/revisions"}],"up":[{"embeddable":true,"href":"https:\/\/2024.madblue-hq.wildoomlab.com\/es\/wp-json\/wp\/v2\/pages\/11357"}],"wp:attachment":[{"href":"https:\/\/2024.madblue-hq.wildoomlab.com\/es\/wp-json\/wp\/v2\/media?parent=18355"}],"wp:term":[{"taxonomy":"hashtags","embeddable":true,"href":"https:\/\/2024.madblue-hq.wildoomlab.com\/es\/wp-json\/wp\/v2\/hashtags?post=18355"}],"curies":[{"name":"wp","href":"https:\/\/api.w.org\/{rel}","templated":true}]}}