{"id":18313,"date":"2024-02-09T00:29:28","date_gmt":"2024-02-09T00:29:28","guid":{"rendered":"https:\/\/www.madblue.es\/?page_id=18313"},"modified":"2024-11-21T10:56:27","modified_gmt":"2024-11-21T10:56:27","slug":"inversores","status":"publish","type":"page","link":"https:\/\/2024.madblue-hq.wildoomlab.com\/es\/impact-global-summit\/inversores\/","title":{"rendered":"INVERSORES"},"content":{"rendered":"","protected":false},"excerpt":{"rendered":"","protected":false},"author":2,"featured_media":0,"parent":11357,"menu_order":30,"comment_status":"closed","ping_status":"closed","template":"","meta":{"_acf_changed":false,"_monsterinsights_skip_tracking":false,"_monsterinsights_sitenote_active":false,"_monsterinsights_sitenote_note":"","_monsterinsights_sitenote_category":0,"footnotes":""},"hashtags":[],"class_list":["post-18313","page","type-page","status-publish","hentry"],"acf":[],"yoast_head":"<!-- This site is optimized with the Yoast SEO plugin v26.8 - https:\/\/yoast.com\/product\/yoast-seo-wordpress\/ -->\n<title>INVERSORES - MadBlue 2024<\/title>\n<meta name=\"description\" content=\"MadBlue Impact Global Summit tiene el objetivo de generar las mayores oportunidades de negocio para los participantes. Queremos ser transaccionales, esa pensamos que es la mejor manera de contribuir al cambio. Esta zona y su programaci\u00f3n estar\u00e1n dedicadas por entero a tener reuniones y citas con posibles clientes, fondos de inversi\u00f3n y otras instituciones.\" \/>\n<meta name=\"robots\" content=\"noindex, follow, max-snippet:-1, max-image-preview:large, max-video-preview:-1\" \/>\n<meta property=\"og:locale\" content=\"es_ES\" \/>\n<meta property=\"og:type\" content=\"article\" \/>\n<meta property=\"og:title\" content=\"INVERSORES - MadBlue 2024\" \/>\n<meta property=\"og:description\" content=\"MadBlue Impact Global Summit tiene el objetivo de generar las mayores oportunidades de negocio para los participantes. Queremos ser transaccionales, esa pensamos que es la mejor manera de contribuir al cambio. Esta zona y su programaci\u00f3n estar\u00e1n dedicadas por entero a tener reuniones y citas con posibles clientes, fondos de inversi\u00f3n y otras instituciones.\" \/>\n<meta property=\"og:url\" content=\"https:\/\/2024.madblue-hq.wildoomlab.com\/es\/impact-global-summit\/inversores\/\" \/>\n<meta property=\"og:site_name\" content=\"MadBlue 2024\" \/>\n<meta property=\"article:modified_time\" content=\"2024-11-21T10:56:27+00:00\" \/>\n<meta name=\"twitter:card\" content=\"summary_large_image\" \/>\n<script type=\"application\/ld+json\" class=\"yoast-schema-graph\">{\"@context\":\"https:\/\/schema.org\",\"@graph\":[{\"@type\":\"WebPage\",\"@id\":\"https:\/\/2024.madblue-hq.wildoomlab.com\/es\/impact-global-summit\/inversores\/\",\"url\":\"https:\/\/2024.madblue-hq.wildoomlab.com\/es\/impact-global-summit\/inversores\/\",\"name\":\"INVERSORES - MadBlue 2024\",\"isPartOf\":{\"@id\":\"https:\/\/2024.madblue-hq.wildoomlab.com\/es\/#website\"},\"datePublished\":\"2024-02-09T00:29:28+00:00\",\"dateModified\":\"2024-11-21T10:56:27+00:00\",\"description\":\"MadBlue Impact Global Summit tiene el objetivo de generar las mayores oportunidades de negocio para los participantes. Queremos ser transaccionales, esa pensamos que es la mejor manera de contribuir al cambio. Esta zona y su programaci\u00f3n estar\u00e1n dedicadas por entero a tener reuniones y citas con posibles clientes, fondos de inversi\u00f3n y otras instituciones.\",\"breadcrumb\":{\"@id\":\"https:\/\/2024.madblue-hq.wildoomlab.com\/es\/impact-global-summit\/inversores\/#breadcrumb\"},\"inLanguage\":\"es\",\"potentialAction\":[{\"@type\":\"ReadAction\",\"target\":[\"https:\/\/2024.madblue-hq.wildoomlab.com\/es\/impact-global-summit\/inversores\/\"]}]},{\"@type\":\"BreadcrumbList\",\"@id\":\"https:\/\/2024.madblue-hq.wildoomlab.com\/es\/impact-global-summit\/inversores\/#breadcrumb\",\"itemListElement\":[{\"@type\":\"ListItem\",\"position\":1,\"name\":\"Portada\",\"item\":\"https:\/\/2024.madblue-hq.wildoomlab.com\/es\/\"},{\"@type\":\"ListItem\",\"position\":2,\"name\":\"Impact Global Summit\",\"item\":\"https:\/\/2024.madblue-hq.wildoomlab.com\/es\/impact-global-summit\/\"},{\"@type\":\"ListItem\",\"position\":3,\"name\":\"INVERSORES\"}]},{\"@type\":\"WebSite\",\"@id\":\"https:\/\/2024.madblue-hq.wildoomlab.com\/es\/#website\",\"url\":\"https:\/\/2024.madblue-hq.wildoomlab.com\/es\/\",\"name\":\"MadBlue 2024\",\"description\":\"\",\"potentialAction\":[{\"@type\":\"SearchAction\",\"target\":{\"@type\":\"EntryPoint\",\"urlTemplate\":\"https:\/\/2024.madblue-hq.wildoomlab.com\/es\/?s={search_term_string}\"},\"query-input\":{\"@type\":\"PropertyValueSpecification\",\"valueRequired\":true,\"valueName\":\"search_term_string\"}}],\"inLanguage\":\"es\"}]}<\/script>\n<!-- \/ Yoast SEO plugin. -->","yoast_head_json":{"title":"INVERSORES - MadBlue 2024","description":"MadBlue Impact Global Summit tiene el objetivo de generar las mayores oportunidades de negocio para los participantes. Queremos ser transaccionales, esa pensamos que es la mejor manera de contribuir al cambio. Esta zona y su programaci\u00f3n estar\u00e1n dedicadas por entero a tener reuniones y citas con posibles clientes, fondos de inversi\u00f3n y otras instituciones.","robots":{"index":"noindex","follow":"follow","max-snippet":"max-snippet:-1","max-image-preview":"max-image-preview:large","max-video-preview":"max-video-preview:-1"},"og_locale":"es_ES","og_type":"article","og_title":"INVERSORES - MadBlue 2024","og_description":"MadBlue Impact Global Summit tiene el objetivo de generar las mayores oportunidades de negocio para los participantes. Queremos ser transaccionales, esa pensamos que es la mejor manera de contribuir al cambio. Esta zona y su programaci\u00f3n estar\u00e1n dedicadas por entero a tener reuniones y citas con posibles clientes, fondos de inversi\u00f3n y otras instituciones.","og_url":"https:\/\/2024.madblue-hq.wildoomlab.com\/es\/impact-global-summit\/inversores\/","og_site_name":"MadBlue 2024","article_modified_time":"2024-11-21T10:56:27+00:00","twitter_card":"summary_large_image","schema":{"@context":"https:\/\/schema.org","@graph":[{"@type":"WebPage","@id":"https:\/\/2024.madblue-hq.wildoomlab.com\/es\/impact-global-summit\/inversores\/","url":"https:\/\/2024.madblue-hq.wildoomlab.com\/es\/impact-global-summit\/inversores\/","name":"INVERSORES - MadBlue 2024","isPartOf":{"@id":"https:\/\/2024.madblue-hq.wildoomlab.com\/es\/#website"},"datePublished":"2024-02-09T00:29:28+00:00","dateModified":"2024-11-21T10:56:27+00:00","description":"MadBlue Impact Global Summit tiene el objetivo de generar las mayores oportunidades de negocio para los participantes. Queremos ser transaccionales, esa pensamos que es la mejor manera de contribuir al cambio. Esta zona y su programaci\u00f3n estar\u00e1n dedicadas por entero a tener reuniones y citas con posibles clientes, fondos de inversi\u00f3n y otras instituciones.","breadcrumb":{"@id":"https:\/\/2024.madblue-hq.wildoomlab.com\/es\/impact-global-summit\/inversores\/#breadcrumb"},"inLanguage":"es","potentialAction":[{"@type":"ReadAction","target":["https:\/\/2024.madblue-hq.wildoomlab.com\/es\/impact-global-summit\/inversores\/"]}]},{"@type":"BreadcrumbList","@id":"https:\/\/2024.madblue-hq.wildoomlab.com\/es\/impact-global-summit\/inversores\/#breadcrumb","itemListElement":[{"@type":"ListItem","position":1,"name":"Portada","item":"https:\/\/2024.madblue-hq.wildoomlab.com\/es\/"},{"@type":"ListItem","position":2,"name":"Impact Global Summit","item":"https:\/\/2024.madblue-hq.wildoomlab.com\/es\/impact-global-summit\/"},{"@type":"ListItem","position":3,"name":"INVERSORES"}]},{"@type":"WebSite","@id":"https:\/\/2024.madblue-hq.wildoomlab.com\/es\/#website","url":"https:\/\/2024.madblue-hq.wildoomlab.com\/es\/","name":"MadBlue 2024","description":"","potentialAction":[{"@type":"SearchAction","target":{"@type":"EntryPoint","urlTemplate":"https:\/\/2024.madblue-hq.wildoomlab.com\/es\/?s={search_term_string}"},"query-input":{"@type":"PropertyValueSpecification","valueRequired":true,"valueName":"search_term_string"}}],"inLanguage":"es"}]}},"_links":{"self":[{"href":"https:\/\/2024.madblue-hq.wildoomlab.com\/es\/wp-json\/wp\/v2\/pages\/18313","targetHints":{"allow":["GET"]}}],"collection":[{"href":"https:\/\/2024.madblue-hq.wildoomlab.com\/es\/wp-json\/wp\/v2\/pages"}],"about":[{"href":"https:\/\/2024.madblue-hq.wildoomlab.com\/es\/wp-json\/wp\/v2\/types\/page"}],"author":[{"embeddable":true,"href":"https:\/\/2024.madblue-hq.wildoomlab.com\/es\/wp-json\/wp\/v2\/users\/2"}],"replies":[{"embeddable":true,"href":"https:\/\/2024.madblue-hq.wildoomlab.com\/es\/wp-json\/wp\/v2\/comments?post=18313"}],"version-history":[{"count":0,"href":"https:\/\/2024.madblue-hq.wildoomlab.com\/es\/wp-json\/wp\/v2\/pages\/18313\/revisions"}],"up":[{"embeddable":true,"href":"https:\/\/2024.madblue-hq.wildoomlab.com\/es\/wp-json\/wp\/v2\/pages\/11357"}],"wp:attachment":[{"href":"https:\/\/2024.madblue-hq.wildoomlab.com\/es\/wp-json\/wp\/v2\/media?parent=18313"}],"wp:term":[{"taxonomy":"hashtags","embeddable":true,"href":"https:\/\/2024.madblue-hq.wildoomlab.com\/es\/wp-json\/wp\/v2\/hashtags?post=18313"}],"curies":[{"name":"wp","href":"https:\/\/api.w.org\/{rel}","templated":true}]}}