{"id":11357,"date":"2022-11-15T08:29:16","date_gmt":"2022-11-15T08:29:16","guid":{"rendered":"https:\/\/www.madblue.es\/?page_id=11357"},"modified":"2024-11-26T11:25:44","modified_gmt":"2024-11-26T11:25:44","slug":"impact-global-summit","status":"publish","type":"page","link":"https:\/\/2024.madblue-hq.wildoomlab.com\/es\/impact-global-summit\/","title":{"rendered":"Impact Global Summit"},"content":{"rendered":"","protected":false},"excerpt":{"rendered":"","protected":false},"author":2,"featured_media":0,"parent":0,"menu_order":19,"comment_status":"closed","ping_status":"closed","template":"","meta":{"_acf_changed":false,"_monsterinsights_skip_tracking":false,"_monsterinsights_sitenote_active":false,"_monsterinsights_sitenote_note":"","_monsterinsights_sitenote_category":0,"footnotes":""},"hashtags":[],"class_list":["post-11357","page","type-page","status-publish","hentry"],"acf":[],"yoast_head":"<!-- This site is optimized with the Yoast SEO plugin v26.8 - https:\/\/yoast.com\/product\/yoast-seo-wordpress\/ -->\n<title>Impact Global Summit - MadBlue 2024<\/title>\n<meta name=\"description\" content=\"Durante el 25 y 26 de abril, el COAM, Colegio Oficial de Arquitectos de Madrid, se convirti\u00f3 en el centro m\u00e1s importante para descubrir las soluciones m\u00e1s innovadoras cuyo impacto mejor\u00f3 muchos aspectos de nuestra sociedad y entorno. Un ambicioso programa reuni\u00f3 en el MADBLUE IMPACT GLOBAL SUMMIT a empresas en la vanguardia de la innovaci\u00f3n, start-ups, fondos de inversi\u00f3n, organizaciones y ponentes internacionales en un hub internacional id\u00f3neo para desarrollar soluciones a los retos pasados y futuros.\" \/>\n<meta name=\"robots\" content=\"noindex, follow, max-snippet:-1, max-image-preview:large, max-video-preview:-1\" \/>\n<meta property=\"og:locale\" content=\"es_ES\" \/>\n<meta property=\"og:type\" content=\"article\" \/>\n<meta property=\"og:title\" content=\"Impact Global Summit - MadBlue 2024\" \/>\n<meta property=\"og:description\" content=\"Durante el 25 y 26 de abril, el COAM, Colegio Oficial de Arquitectos de Madrid, se convirti\u00f3 en el centro m\u00e1s importante para descubrir las soluciones m\u00e1s innovadoras cuyo impacto mejor\u00f3 muchos aspectos de nuestra sociedad y entorno. Un ambicioso programa reuni\u00f3 en el MADBLUE IMPACT GLOBAL SUMMIT a empresas en la vanguardia de la innovaci\u00f3n, start-ups, fondos de inversi\u00f3n, organizaciones y ponentes internacionales en un hub internacional id\u00f3neo para desarrollar soluciones a los retos pasados y futuros.\" \/>\n<meta property=\"og:url\" content=\"https:\/\/2024.madblue-hq.wildoomlab.com\/es\/impact-global-summit\/\" \/>\n<meta property=\"og:site_name\" content=\"MadBlue 2024\" \/>\n<meta property=\"article:modified_time\" content=\"2024-11-26T11:25:44+00:00\" \/>\n<meta name=\"twitter:card\" content=\"summary_large_image\" \/>\n<script type=\"application\/ld+json\" class=\"yoast-schema-graph\">{\"@context\":\"https:\/\/schema.org\",\"@graph\":[{\"@type\":\"WebPage\",\"@id\":\"https:\/\/2024.madblue-hq.wildoomlab.com\/es\/impact-global-summit\/\",\"url\":\"https:\/\/2024.madblue-hq.wildoomlab.com\/es\/impact-global-summit\/\",\"name\":\"Impact Global Summit - MadBlue 2024\",\"isPartOf\":{\"@id\":\"https:\/\/2024.madblue-hq.wildoomlab.com\/es\/#website\"},\"datePublished\":\"2022-11-15T08:29:16+00:00\",\"dateModified\":\"2024-11-26T11:25:44+00:00\",\"description\":\"Durante el 25 y 26 de abril, el COAM, Colegio Oficial de Arquitectos de Madrid, se convirti\u00f3 en el centro m\u00e1s importante para descubrir las soluciones m\u00e1s innovadoras cuyo impacto mejor\u00f3 muchos aspectos de nuestra sociedad y entorno. Un ambicioso programa reuni\u00f3 en el MADBLUE IMPACT GLOBAL SUMMIT a empresas en la vanguardia de la innovaci\u00f3n, start-ups, fondos de inversi\u00f3n, organizaciones y ponentes internacionales en un hub internacional id\u00f3neo para desarrollar soluciones a los retos pasados y futuros.\",\"breadcrumb\":{\"@id\":\"https:\/\/2024.madblue-hq.wildoomlab.com\/es\/impact-global-summit\/#breadcrumb\"},\"inLanguage\":\"es\",\"potentialAction\":[{\"@type\":\"ReadAction\",\"target\":[\"https:\/\/2024.madblue-hq.wildoomlab.com\/es\/impact-global-summit\/\"]}]},{\"@type\":\"BreadcrumbList\",\"@id\":\"https:\/\/2024.madblue-hq.wildoomlab.com\/es\/impact-global-summit\/#breadcrumb\",\"itemListElement\":[{\"@type\":\"ListItem\",\"position\":1,\"name\":\"Portada\",\"item\":\"https:\/\/2024.madblue-hq.wildoomlab.com\/es\/\"},{\"@type\":\"ListItem\",\"position\":2,\"name\":\"Impact Global Summit\"}]},{\"@type\":\"WebSite\",\"@id\":\"https:\/\/2024.madblue-hq.wildoomlab.com\/es\/#website\",\"url\":\"https:\/\/2024.madblue-hq.wildoomlab.com\/es\/\",\"name\":\"MadBlue 2024\",\"description\":\"\",\"potentialAction\":[{\"@type\":\"SearchAction\",\"target\":{\"@type\":\"EntryPoint\",\"urlTemplate\":\"https:\/\/2024.madblue-hq.wildoomlab.com\/es\/?s={search_term_string}\"},\"query-input\":{\"@type\":\"PropertyValueSpecification\",\"valueRequired\":true,\"valueName\":\"search_term_string\"}}],\"inLanguage\":\"es\"}]}<\/script>\n<!-- \/ Yoast SEO plugin. -->","yoast_head_json":{"title":"Impact Global Summit - MadBlue 2024","description":"Durante el 25 y 26 de abril, el COAM, Colegio Oficial de Arquitectos de Madrid, se convirti\u00f3 en el centro m\u00e1s importante para descubrir las soluciones m\u00e1s innovadoras cuyo impacto mejor\u00f3 muchos aspectos de nuestra sociedad y entorno. Un ambicioso programa reuni\u00f3 en el MADBLUE IMPACT GLOBAL SUMMIT a empresas en la vanguardia de la innovaci\u00f3n, start-ups, fondos de inversi\u00f3n, organizaciones y ponentes internacionales en un hub internacional id\u00f3neo para desarrollar soluciones a los retos pasados y futuros.","robots":{"index":"noindex","follow":"follow","max-snippet":"max-snippet:-1","max-image-preview":"max-image-preview:large","max-video-preview":"max-video-preview:-1"},"og_locale":"es_ES","og_type":"article","og_title":"Impact Global Summit - MadBlue 2024","og_description":"Durante el 25 y 26 de abril, el COAM, Colegio Oficial de Arquitectos de Madrid, se convirti\u00f3 en el centro m\u00e1s importante para descubrir las soluciones m\u00e1s innovadoras cuyo impacto mejor\u00f3 muchos aspectos de nuestra sociedad y entorno. Un ambicioso programa reuni\u00f3 en el MADBLUE IMPACT GLOBAL SUMMIT a empresas en la vanguardia de la innovaci\u00f3n, start-ups, fondos de inversi\u00f3n, organizaciones y ponentes internacionales en un hub internacional id\u00f3neo para desarrollar soluciones a los retos pasados y futuros.","og_url":"https:\/\/2024.madblue-hq.wildoomlab.com\/es\/impact-global-summit\/","og_site_name":"MadBlue 2024","article_modified_time":"2024-11-26T11:25:44+00:00","twitter_card":"summary_large_image","schema":{"@context":"https:\/\/schema.org","@graph":[{"@type":"WebPage","@id":"https:\/\/2024.madblue-hq.wildoomlab.com\/es\/impact-global-summit\/","url":"https:\/\/2024.madblue-hq.wildoomlab.com\/es\/impact-global-summit\/","name":"Impact Global Summit - MadBlue 2024","isPartOf":{"@id":"https:\/\/2024.madblue-hq.wildoomlab.com\/es\/#website"},"datePublished":"2022-11-15T08:29:16+00:00","dateModified":"2024-11-26T11:25:44+00:00","description":"Durante el 25 y 26 de abril, el COAM, Colegio Oficial de Arquitectos de Madrid, se convirti\u00f3 en el centro m\u00e1s importante para descubrir las soluciones m\u00e1s innovadoras cuyo impacto mejor\u00f3 muchos aspectos de nuestra sociedad y entorno. Un ambicioso programa reuni\u00f3 en el MADBLUE IMPACT GLOBAL SUMMIT a empresas en la vanguardia de la innovaci\u00f3n, start-ups, fondos de inversi\u00f3n, organizaciones y ponentes internacionales en un hub internacional id\u00f3neo para desarrollar soluciones a los retos pasados y futuros.","breadcrumb":{"@id":"https:\/\/2024.madblue-hq.wildoomlab.com\/es\/impact-global-summit\/#breadcrumb"},"inLanguage":"es","potentialAction":[{"@type":"ReadAction","target":["https:\/\/2024.madblue-hq.wildoomlab.com\/es\/impact-global-summit\/"]}]},{"@type":"BreadcrumbList","@id":"https:\/\/2024.madblue-hq.wildoomlab.com\/es\/impact-global-summit\/#breadcrumb","itemListElement":[{"@type":"ListItem","position":1,"name":"Portada","item":"https:\/\/2024.madblue-hq.wildoomlab.com\/es\/"},{"@type":"ListItem","position":2,"name":"Impact Global Summit"}]},{"@type":"WebSite","@id":"https:\/\/2024.madblue-hq.wildoomlab.com\/es\/#website","url":"https:\/\/2024.madblue-hq.wildoomlab.com\/es\/","name":"MadBlue 2024","description":"","potentialAction":[{"@type":"SearchAction","target":{"@type":"EntryPoint","urlTemplate":"https:\/\/2024.madblue-hq.wildoomlab.com\/es\/?s={search_term_string}"},"query-input":{"@type":"PropertyValueSpecification","valueRequired":true,"valueName":"search_term_string"}}],"inLanguage":"es"}]}},"_links":{"self":[{"href":"https:\/\/2024.madblue-hq.wildoomlab.com\/es\/wp-json\/wp\/v2\/pages\/11357","targetHints":{"allow":["GET"]}}],"collection":[{"href":"https:\/\/2024.madblue-hq.wildoomlab.com\/es\/wp-json\/wp\/v2\/pages"}],"about":[{"href":"https:\/\/2024.madblue-hq.wildoomlab.com\/es\/wp-json\/wp\/v2\/types\/page"}],"author":[{"embeddable":true,"href":"https:\/\/2024.madblue-hq.wildoomlab.com\/es\/wp-json\/wp\/v2\/users\/2"}],"replies":[{"embeddable":true,"href":"https:\/\/2024.madblue-hq.wildoomlab.com\/es\/wp-json\/wp\/v2\/comments?post=11357"}],"version-history":[{"count":0,"href":"https:\/\/2024.madblue-hq.wildoomlab.com\/es\/wp-json\/wp\/v2\/pages\/11357\/revisions"}],"wp:attachment":[{"href":"https:\/\/2024.madblue-hq.wildoomlab.com\/es\/wp-json\/wp\/v2\/media?parent=11357"}],"wp:term":[{"taxonomy":"hashtags","embeddable":true,"href":"https:\/\/2024.madblue-hq.wildoomlab.com\/es\/wp-json\/wp\/v2\/hashtags?post=11357"}],"curies":[{"name":"wp","href":"https:\/\/api.w.org\/{rel}","templated":true}]}}